{"id":4099,"date":"2024-11-22T19:06:16","date_gmt":"2024-11-22T18:06:16","guid":{"rendered":"http:\/\/www.cecilebonardi.com\/coach-vocal\/?page_id=4099"},"modified":"2024-11-25T20:25:53","modified_gmt":"2024-11-25T19:25:53","slug":"auteur-compositeur","status":"publish","type":"page","link":"https:\/\/www.cecilebonardi.com\/coach-vocal\/auteur-compositeur\/","title":{"rendered":"Auteur-Compositeur-Arrangeur"},"content":{"rendered":"<p><img decoding=\"async\" loading=\"lazy\" class=\"alignleft wp-image-104 size-thumbnail\" src=\"http:\/\/www.cecilebonardi.com\/coach-vocal\/wp-content\/uploads\/2024\/11\/FullSizeRender-8-150x150.jpg\" alt=\"sentimentale marine b\" width=\"150\" height=\"150\" \/><img decoding=\"async\" loading=\"lazy\" class=\"wp-image-105 size-full alignleft\" src=\"http:\/\/www.cecilebonardi.com\/coach-vocal\/wp-content\/uploads\/2024\/11\/cecile-13-150x150-1.png\" alt=\"cecile-13-150x150\" width=\"150\" height=\"150\" \/><br \/>\nC\u00e9cile bonardi\u00a0fait deux albums\u00a0sous le nom de Marine b \u00ab\u00a0Sentimentale\u00a0\u00bb pour le premier avec Di MUTI, et\u00a0\u00a0\u00ab\u00a0Ce bonheur l\u00e0\u00a0\u00bb\u00a0comme 2\u00e8me Album \u00a0\u00bb home made\u00a0\u00bb ou elle signe\u00a0les textes, les musiques et les arrangements \u00a0avec\u00a0Elsa Quignard \u00e0 la la r\u00e9alisation.<br \/>\n<hr style=\"border-bottom: 1px solid #999; border-top:0 none transparent; border-left:0 none transparent; border-right:0 none transparent; height: 1px; margin-bottom: 20px; padding-top: 20px; width: 100%; clear:both;\"><br \/>\n<img decoding=\"async\" loading=\"lazy\" class=\"alignleft wp-image-92\" src=\"http:\/\/www.cecilebonardi.com\/coach-vocal\/wp-content\/uploads\/2024\/11\/cecile-01-150x150-1.jpg\" alt=\"cecile-01-150x150\" width=\"220\" height=\"220\" \/><br \/>\nElle \u00e9crit des textes et musiques pour diff\u00e9rents artistes et\u00a0Elle compose\u00a0et\u00a0arrange \u00e9galement pour <a href=\"http:\/\/www.compagnie-heliosselene.com\/\" target=\"_blank\" rel=\"noopener\">les spectacles vivants de la compagnie H\u00e9lioss\u00e9l\u00e9n\u00e9 de Guillaume Caubel,<\/a><\/p>\n<hr style=\"border-bottom: 1px solid #999; border-top:0 none transparent; border-left:0 none transparent; border-right:0 none transparent; height: 1px; margin-bottom: 20px; padding-top: 20px; width: 100%; clear:both;\">\n<p>&nbsp;<\/p>\n<p>&nbsp;<\/p>\n<p><img decoding=\"async\" loading=\"lazy\" class=\"alignleft wp-image-93 size-medium\" src=\"http:\/\/www.cecilebonardi.com\/coach-vocal\/wp-content\/uploads\/2024\/11\/IMG_3447-225x300.jpg\" alt=\"IMG_3447\" width=\"225\" height=\"300\" \/><\/p>\n<p>&nbsp;<\/p>\n<p>Elle Compose pour Le court m\u00e9trage <a href=\"https:\/\/www.facebook.com\/GerbilleFilm?fref=ts\" target=\"_blank\" rel=\"noopener\">\u00ab\u00a0Entre-Deux\u00a0\u00bb d&rsquo;\u00e9ric Geynes et de Frachin Don<\/a><\/p>\n","protected":false},"excerpt":{"rendered":"<p>C\u00e9cile bonardi\u00a0fait deux albums\u00a0sous le nom de Marine b \u00ab\u00a0Sentimentale\u00a0\u00bb pour le premier avec Di MUTI, et\u00a0\u00a0\u00ab\u00a0Ce bonheur l\u00e0\u00a0\u00bb\u00a0comme 2\u00e8me Album \u00a0\u00bb home made\u00a0\u00bb ou elle signe\u00a0les textes, les musiques et les arrangements \u00a0avec\u00a0Elsa Quignard \u00e0 la la r\u00e9alisation. Elle \u00e9crit des textes et musiques pour diff\u00e9rents artistes et\u00a0Elle compose\u00a0et\u00a0arrange \u00e9galement pour les spectacles vivants [&hellip;]<\/p>\n","protected":false},"author":1,"featured_media":0,"parent":0,"menu_order":0,"comment_status":"closed","ping_status":"closed","template":"","meta":{"_et_pb_use_builder":"","_et_pb_old_content":"","_et_gb_content_width":""},"_links":{"self":[{"href":"https:\/\/www.cecilebonardi.com\/coach-vocal\/wp-json\/wp\/v2\/pages\/4099"}],"collection":[{"href":"https:\/\/www.cecilebonardi.com\/coach-vocal\/wp-json\/wp\/v2\/pages"}],"about":[{"href":"https:\/\/www.cecilebonardi.com\/coach-vocal\/wp-json\/wp\/v2\/types\/page"}],"author":[{"embeddable":true,"href":"https:\/\/www.cecilebonardi.com\/coach-vocal\/wp-json\/wp\/v2\/users\/1"}],"replies":[{"embeddable":true,"href":"https:\/\/www.cecilebonardi.com\/coach-vocal\/wp-json\/wp\/v2\/comments?post=4099"}],"version-history":[{"count":6,"href":"https:\/\/www.cecilebonardi.com\/coach-vocal\/wp-json\/wp\/v2\/pages\/4099\/revisions"}],"predecessor-version":[{"id":4109,"href":"https:\/\/www.cecilebonardi.com\/coach-vocal\/wp-json\/wp\/v2\/pages\/4099\/revisions\/4109"}],"wp:attachment":[{"href":"https:\/\/www.cecilebonardi.com\/coach-vocal\/wp-json\/wp\/v2\/media?parent=4099"}],"curies":[{"name":"wp","href":"https:\/\/api.w.org\/{rel}","templated":true}]}}