{"id":6,"date":"2024-09-09T15:16:02","date_gmt":"2024-09-09T13:16:02","guid":{"rendered":"http:\/\/www.cecilebonardi.com\/coach-vocal\/presentation\/"},"modified":"2025-01-04T18:37:06","modified_gmt":"2025-01-04T17:37:06","slug":"coach","status":"publish","type":"page","link":"http:\/\/www.cecilebonardi.com\/coach-vocal\/coach\/","title":{"rendered":"Qui suis-je?"},"content":{"rendered":"<blockquote><p>J&rsquo;enseigne le chant aux artistes, amateur-trices, et aux adolescents au conservatoire depuis de nombreuses ann\u00e9es et j&rsquo;aime encore et toujours lib\u00e9rer les voix&#8230;<br \/>\nC&rsquo;est un beau m\u00e9tier dont \u00a0je ne me lasse pas.<\/p><\/blockquote>\n<hr style=\"border-bottom: 1px solid #999; border-top:0 none transparent; border-left:0 none transparent; border-right:0 none transparent; height: 1px; margin-bottom: 20px; padding-top: 20px; width: 100%; clear:both;\">\n<blockquote>\n<p style=\"text-align: center;\"><strong>Interview de Justine Aprikian \u00a0de France Bleu Auxerre sur les travail vocal pour les artistes.<\/strong><\/p>\n<\/blockquote>\n<div class=\"et_pb_module et_pb_video et_pb_video_1\"><div class=\"et_pb_video_box\"><video controls><source type=\"video\/mp4\" src=\"http:\/\/www.cecilebonardi.com\/coach-vocal\/wp-content\/uploads\/2025\/01\/Le-travail-de-la-voix-SD-480-p.mov\" \/><\/video><\/div><div style=\"background-image:url()\" class=\"et_pb_video_overlay\"><div class=\"et_pb_video_overlay_hover\"><a href=\"#\" class=\"et_pb_video_play\"><\/a><\/div><\/div><\/div>\n<p><img decoding=\"async\" loading=\"lazy\" class=\"alignleft wp-image-4139\" src=\"http:\/\/www.cecilebonardi.com\/coach-vocal\/wp-content\/uploads\/2024\/11\/Cecile-13-250x250.jpg\" alt=\"coach vocale et professeure de chant\" width=\"227\" height=\"227\" \/><\/p>\n<p>Apr\u00e8s deux ann\u00e9es au CIM \u00e0 Paris, <strong>je suis partie m&rsquo;installer\u00a0\u00e0 Los Angeles, ou j&rsquo;ai continu\u00e9 ma formation musicale \u00e0 l\u2019\u00e9cole \u00ab Grove School of Music \u00bb<\/strong>. j\u2019y ai \u00e9tudi\u00e9 le chant, le piano, l\u2019arrangement, et les cours de \u00ab song-writing \u00bb avec Jack Smalley, et j&rsquo;ai obtenu le dipl\u00f4me de l&rsquo;\u00e9cole.<br \/>\nDe retour \u00e0 Paris. Et c\u2019est l\u00e0 que ma vocation de prof de chant s\u2019est dessin\u00e9e au sein des diff\u00e9rentes \u00e9coles parisiennes comme Atla, le CIM, etc.<\/p>\n<p>Parall\u00e8lement a mes projets de chanteuse et d&rsquo;auteur compositeur, mon exp\u00e9rience de p\u00e9dagogue, m\u2019a donn\u00e9 envie de me perfectionner dans l\u2019art de la transmission afin de devenir coach vocal.<br \/>\nApr\u00e8s la \u00a0Formation des Formateurs au Studio des Vari\u00e9t\u00e9s, je remercie \u00e9galement \u00a0les professionnels de la voix que j\u2019ai crois\u00e9 sur ma route, comme<strong><em> Richard Cross, Anna Ringart, Agn\u00e8s de Brunoff<\/em> <\/strong>(Technique Alexander), <em><strong>Magali Marchal<\/strong> <\/em>(lecture du geste vocal) et <em><strong>Wendy Parr N.Y.<\/strong> <\/em>technique SLS pour m\u2019avoir transmis leurs outils mais surtout l\u2019essentiel, le plaisir d\u2019enseigner !<\/p>\n<p><em><strong>Et comme on a jamais fini d&rsquo;apprendre, \u00a0j&rsquo;ai obtenu deux\u00a0Dipl\u00f4mes D&rsquo;\u00e9tat<\/strong><\/em><\/p>\n<ul>\n<li><em><strong>Professeur de Musiques Actuelles<\/strong><\/em><\/li>\n<li><em><strong>Formatrice vocale (Ecole Richard Cross)<\/strong><\/em><\/li>\n<\/ul>\n<blockquote>\n<p style=\"text-align: left;\">Depuis, le coaching vocal m\u2019a amen\u00e9 \u00e0 travailler au sein de diff\u00e9rentes \u00e9quipes et d\u2019artistes, <em>aux univers aussi divers que vari\u00e9s, comme les studios d&rsquo;enregistrements, les concerts, le Cin\u00e9ma, les Com\u00e9dies musicales, les Studios d\u2019enregistrements, les Spectacles vivants et pour la t\u00e9l\u00e9vision.<\/em><\/p>\n<p style=\"text-align: left;\">Mes 4 ann\u00e9es aux Etats-Unis m\u2019ont donn\u00e9s la possibilit\u00e9 de travailler en anglais pour diff\u00e9rents Artistes \u00e9trangers.<\/p>\n<\/blockquote>\n<p><span style=\"height: 1px; margin-bottom: 10px; margin-top: 10px; width: 100%; clear:both; display:block;\"><\/span> <br \/>\n<a class=\"ip-bouton et_pb_button et_pb_custom_button_icon data-icon-elegant_font\" href=\"http:\/\/www.cecilebonardi.com\/coach-vocal\/contact\" title=\"\" data-icon=\"&#x24;\">Formulaire de contact<\/a><\/p>\n","protected":false},"excerpt":{"rendered":"<p>J&rsquo;enseigne le chant aux artistes, amateur-trices, et aux adolescents au conservatoire depuis de nombreuses ann\u00e9es et j&rsquo;aime encore et toujours lib\u00e9rer les voix&#8230; C&rsquo;est un beau m\u00e9tier dont \u00a0je ne me lasse pas. Interview de Justine Aprikian \u00a0de France Bleu Auxerre sur les travail vocal pour les artistes. Apr\u00e8s deux ann\u00e9es au CIM \u00e0 Paris, [&hellip;]<\/p>\n","protected":false},"author":1,"featured_media":0,"parent":0,"menu_order":0,"comment_status":"closed","ping_status":"closed","template":"","meta":{"_et_pb_use_builder":"","_et_pb_old_content":"","_et_gb_content_width":""},"_links":{"self":[{"href":"http:\/\/www.cecilebonardi.com\/coach-vocal\/wp-json\/wp\/v2\/pages\/6"}],"collection":[{"href":"http:\/\/www.cecilebonardi.com\/coach-vocal\/wp-json\/wp\/v2\/pages"}],"about":[{"href":"http:\/\/www.cecilebonardi.com\/coach-vocal\/wp-json\/wp\/v2\/types\/page"}],"author":[{"embeddable":true,"href":"http:\/\/www.cecilebonardi.com\/coach-vocal\/wp-json\/wp\/v2\/users\/1"}],"replies":[{"embeddable":true,"href":"http:\/\/www.cecilebonardi.com\/coach-vocal\/wp-json\/wp\/v2\/comments?post=6"}],"version-history":[{"count":19,"href":"http:\/\/www.cecilebonardi.com\/coach-vocal\/wp-json\/wp\/v2\/pages\/6\/revisions"}],"predecessor-version":[{"id":4291,"href":"http:\/\/www.cecilebonardi.com\/coach-vocal\/wp-json\/wp\/v2\/pages\/6\/revisions\/4291"}],"wp:attachment":[{"href":"http:\/\/www.cecilebonardi.com\/coach-vocal\/wp-json\/wp\/v2\/media?parent=6"}],"curies":[{"name":"wp","href":"https:\/\/api.w.org\/{rel}","templated":true}]}}