{"id":4063,"date":"2024-11-20T20:27:11","date_gmt":"2024-11-20T19:27:11","guid":{"rendered":"http:\/\/www.cecilebonardi.com\/coach-vocal\/?page_id=4063"},"modified":"2026-04-08T17:49:10","modified_gmt":"2026-04-08T15:49:10","slug":"stage-bourgogne","status":"publish","type":"page","link":"http:\/\/www.cecilebonardi.com\/coach-vocal\/stage-bourgogne\/","title":{"rendered":"Stage Bourgogne"},"content":{"rendered":"<p><img decoding=\"async\" loading=\"lazy\" class=\"size-carre wp-image-1048 aligncenter\" src=\"http:\/\/www.cecilebonardi.com\/coach-vocal\/wp-content\/uploads\/2024\/09\/Cecile-9-250x250.jpg\" alt=\"\" width=\"250\" height=\"250\" \/><\/p>\n<h4><\/h4>\n<h4 style=\"text-align: center;\"><strong>3 Stages de chant \u00ab\u00a0Endurance et confort vocal\u00a0\u00bb<\/strong><\/h4>\n<h4 style=\"text-align: center;\"><strong><a href=\"https:\/\/www.tousauxangins.fr\/stages.html\">\u00ab\u00a0Aux Angins\u00a0\u00bb<\/a> \u00e0 Tannerre en Puisaye 89350<\/strong><\/h4>\n<hr style=\"border-bottom: 1px solid #999; border-top:0 none transparent; border-left:0 none transparent; border-right:0 none transparent; height: 1px; margin-bottom: 20px; padding-top: 20px; width: 100%; clear:both;\">\n<h4 style=\"text-align: center;\"><strong>le week-end du 25 et 26 Avril <\/strong><strong>2026<\/strong><\/h4>\n<h4 style=\"text-align: center;\"><strong>ET OU<\/strong><\/h4>\n<h4 style=\"text-align: center;\"><strong>Le Lundi 27 et le Mardi 28 Juillet 2026<\/strong><\/h4>\n<h4 style=\"text-align: center;\"><strong>ET OU<\/strong><\/h4>\n<h4 style=\"text-align: center;\"><strong>Le Lundi 3 et le Mardi 4 Aout 2026<\/strong><\/h4>\n<p>&nbsp;<\/p>\n<h4 style=\"text-align: left;\"><\/h4>\n<blockquote><p><strong>Le travail consiste \u00e0 trouver le confort et l&rsquo;endurance vocale, dans le but de chanter ou de parler sans effort en recherchant le naturel de votre voix<\/strong><strong>.<br \/>\n<\/strong><\/p><\/blockquote>\n<p>La premi\u00e8re partie du cours, on travaille la technique vocale afin de\u00a0comprendre concr\u00e8tement la respiration, les r\u00e9sonances, l&rsquo;articulation, etc.<\/p>\n<p>Dans la deuxi\u00e8me partie l&rsquo;application de la technique vocale se fait sur diff\u00e9rents titres ( pop rock, chansons, jazz, etc.) en Anglais ou en Fran\u00e7ais avec un accompagnement au piano ou avec des\u00a0instrumentaux et avec micro et Sono.<br \/>\nLes stages se d\u00e9rouleront sur 2 JOURS chacun : \u00e0 raison de 4H ou 6H suivant le nombre de personnes inscrites (maxi 14 personnes).<br \/>\navec une petite restitution en fin de stage.<\/p>\n<blockquote>\n<p style=\"text-align: center;\"><a href=\"https:\/\/www.helloasso.com\/associations\/les-droles-d-angins\/evenements\/stage-de-chant-et-de-technique-vocale-sam-21-et-dim-22-fev-10h30-a-17h30-2\"><strong>Pour s&rsquo;inscrire et payer directement avec HelloAsso<\/strong><\/a><\/p>\n<\/blockquote>\n<hr style=\"border-bottom: 1px solid #999; border-top:0 none transparent; border-left:0 none transparent; border-right:0 none transparent; height: 1px; margin-bottom: 20px; padding-top: 20px; width: 100%; clear:both;\">\n<blockquote>\n<p style=\"text-align: center;\"><strong>Interview de Justine Kaprikian Radio Bleu Auxerre<\/strong><\/p>\n<\/blockquote>\n<h4 style=\"text-align: left;\"><div class=\"et_pb_module et_pb_video et_pb_video_1\"><div class=\"et_pb_video_box\"><video controls><source type=\"video\/mp4\" src=\"http:\/\/www.cecilebonardi.com\/coach-vocal\/wp-content\/uploads\/2025\/01\/stage-de-chant-aux-angins-SD-480-p.mov\" \/><\/video><\/div><div style=\"background-image:url()\" class=\"et_pb_video_overlay\"><div class=\"et_pb_video_overlay_hover\"><a href=\"#\" class=\"et_pb_video_play\"><\/a><\/div><\/div><\/div><\/h4>\n","protected":false},"excerpt":{"rendered":"<p>3 Stages de chant \u00ab\u00a0Endurance et confort vocal\u00a0\u00bb \u00ab\u00a0Aux Angins\u00a0\u00bb \u00e0 Tannerre en Puisaye 89350 le week-end du 25 et 26 Avril 2026 ET OU Le Lundi 27 et le Mardi 28 Juillet 2026 ET OU Le Lundi 3 et le Mardi 4 Aout 2026 &nbsp; Le travail consiste \u00e0 trouver le confort et l&rsquo;endurance [&hellip;]<\/p>\n","protected":false},"author":1,"featured_media":0,"parent":0,"menu_order":0,"comment_status":"closed","ping_status":"closed","template":"","meta":{"_et_pb_use_builder":"","_et_pb_old_content":"","_et_gb_content_width":""},"_links":{"self":[{"href":"http:\/\/www.cecilebonardi.com\/coach-vocal\/wp-json\/wp\/v2\/pages\/4063"}],"collection":[{"href":"http:\/\/www.cecilebonardi.com\/coach-vocal\/wp-json\/wp\/v2\/pages"}],"about":[{"href":"http:\/\/www.cecilebonardi.com\/coach-vocal\/wp-json\/wp\/v2\/types\/page"}],"author":[{"embeddable":true,"href":"http:\/\/www.cecilebonardi.com\/coach-vocal\/wp-json\/wp\/v2\/users\/1"}],"replies":[{"embeddable":true,"href":"http:\/\/www.cecilebonardi.com\/coach-vocal\/wp-json\/wp\/v2\/comments?post=4063"}],"version-history":[{"count":21,"href":"http:\/\/www.cecilebonardi.com\/coach-vocal\/wp-json\/wp\/v2\/pages\/4063\/revisions"}],"predecessor-version":[{"id":4353,"href":"http:\/\/www.cecilebonardi.com\/coach-vocal\/wp-json\/wp\/v2\/pages\/4063\/revisions\/4353"}],"wp:attachment":[{"href":"http:\/\/www.cecilebonardi.com\/coach-vocal\/wp-json\/wp\/v2\/media?parent=4063"}],"curies":[{"name":"wp","href":"https:\/\/api.w.org\/{rel}","templated":true}]}}